{"id":10096,"date":"2021-05-21T13:48:12","date_gmt":"2021-05-21T13:48:12","guid":{"rendered":"https:\/\/www.leporcduquebec.com\/conditions-dutilisations\/"},"modified":"2021-09-07T14:18:10","modified_gmt":"2021-09-07T18:18:10","slug":"conditions-dutilisations","status":"publish","type":"page","link":"https:\/\/www.leporcduquebec.com\/en\/conditions-dutilisations\/","title":{"rendered":"Terms Of Use"},"content":{"rendered":"\n\t<div class=\"page-module page-module-wysiwyg\">\n    <div class=\"lw\">\n      <p>This website is governed by the following terms and conditions of use. Please read them carefully before continuing.<\/p>\n<p>&nbsp;<\/p>\n<p>By accessing www.leporcduquebec.com, you agree to the terms and conditions listed in this document. This website is owned by Les \u00c9leveurs de porcs du Qu\u00e9bec. Please note that Les \u00c9leveurs de porcs du Qu\u00e9bec may change these terms of use at any time without notice. If you do not agree to the terms of use set out herein, please stop browsing this site.<\/p>\n<p>&nbsp;<\/p>\n<p>This site is solely intended for personal use. No commercial use of the site is permitted. You may not copy, use, display, market, alter or publish any element on this website for the benefit of any person.<\/p>\n<p>&nbsp;<\/p>\n<p>This site and its contents are intended for residents of the province of Quebec and hosted by a local server. As such, the site complies with the laws applicable in Quebec and Canada. Both the site and its contents are subject to the laws of Quebec and Canada. When accessing this website from outside Quebec, you must ensure that you comply with the laws applicable in your area. You may only use this website in countries where all the conditions listed in this document are applicable. By browsing this site, you warrant to Les \u00c9leveurs de porcs du Qu\u00e9bec that you will not make any use of this site that is prohibited by law and you agree to comply with all applicable laws, whether local, national, or international. Seek legal advice if you require further information regarding the use of this site in other jurisdictions. Only the courts of the judicial district of Longueuil, located in the province of Quebec, Canada, have jurisdiction over this website and its applications.<\/p>\n\n    <\/div>\n\t<\/div>\n\n\n\n\t<div class=\"page-module page-module-wysiwyg\">\n    <div class=\"lw\">\n      <h3><u>PRIVACY<\/u><\/h3>\n<p>The Internet does not provide completely safe and confidential browsing. Any information exchanged online could be intercepted, lost or altered.<\/p>\n<p>By using this website, you acknowledge and agree that Les \u00c9leveurs de porcs du Qu\u00e9bec, as well as its employees, agents, representatives, and partners, shall not, at any time, be held liable for damages resulting from the malfunction of any computer component, software, or communication line, in connection with the loss or absence of network communication, or in connection with any faulty, incomplete, incomprehensible, or deleted transmission by any computer or network. In addition, you agree that Les \u00c9leveurs de porcs du Qu\u00e9bec, as well as its employees, agents, representatives, and partners, are not and shall not be held liable for any damage or loss resulting, directly or indirectly, from a fraudulent intrusion by a third party, resulting in a modification of the information or material made available on this site, the downloading of any software or form offered on this site, or the transmission of any information from this site.<\/p>\n\n    <\/div>\n\t<\/div>\n\n\n\n\t<div class=\"page-module page-module-wysiwyg\">\n    <div class=\"lw\">\n      <h3><u>PERSONAL INFORMATION<\/u><\/h3>\n<p>When registering for some of the website\u2019s features (e.g. newsletter, union section reserved for producers, contests, etc.), you may be asked to provide personal information, such as your full name and email address. Only Les \u00c9leveurs de porcs du Qu\u00e9bec has access to and may use this information. This information is only used for the purposes outlined on this site. You may decline to provide this information. To have your information removed from the site, please contact Les \u00c9leveurs de porcs du Qu\u00e9bec at\u00a0<a href=\"email:leseleveursdeporcs@leseleveursdeporcs.quebec\">leseleveursdeporcs@leseleveursdeporcs.quebec<\/a><\/p>\n\n    <\/div>\n\t<\/div>\n\n\n\n\t<div class=\"page-module page-module-wysiwyg\">\n    <div class=\"lw\">\n      <h3><u>INTELLECTUAL PROPERTY<\/u><\/h3>\n<p>Les \u00c9leveurs de porcs du Qu\u00e9bec\u2019s website and all published or otherwise accessible documents, including images, illustrations, texts, photos, software, and other materials, as well as the site\u2019s source code, are subject to intellectual property rights, including copyright. The entire website and its contents are the property of Les \u00c9leveurs de porcs du Qu\u00e9bec or any person whose name is indicated as rights holder (as represented to Les \u00c9leveurs de porcs du Qu\u00e9bec), or who is licensed for use by one or the other, as the case may be. Unless prior authorization is obtained by the rights holders, any transmission, sale, distribution, execution, uploading, downloading, copying, reproduction, modification, redistribution, publication, display, exploitation, or transfer of this website or any elements contained therein, in whole or in part, constitutes an infringement of intellectual property rights and may be subject to legal action.<\/p>\n\n    <\/div>\n\t<\/div>\n\n\n\n\t<div class=\"page-module page-module-wysiwyg\">\n    <div class=\"lw\">\n      <h3><u>TRADEMARKS<\/u><\/h3>\n<p>Within this website, names, terms, titles, phrases, logos, designs, graphics, and icons may be trademarks of Les \u00c9leveurs de porcs du Qu\u00e9bec. It is a violation of the Trademarks Act to download, redistribute, reproduce or modify the trademarks appearing on this site. Nothing contained on this site should be construed as granting license or the right to use any trademarks belonging to Les \u00c9leveurs de porcs du Qu\u00e9bec. Occasionally, Les \u00c9leveurs de porcs du Qu\u00e9bec will partner with other persons and include their trademarks on the site. At no time shall these partnerships be taken to imply a relationship between Les \u00c9l\u00e9veurs and such persons, or as an endorsement of the activities of the owner these trademarks.<\/p>\n\n    <\/div>\n\t<\/div>\n\n\n\n\t<div class=\"page-module page-module-wysiwyg\">\n    <div class=\"lw\">\n      <h3><u>THIRD-PARTY SITES<\/u><\/h3>\n<p>It is possible to access other related websites via hyperlink from Les \u00c9leveurs de porcs du Qu\u00e9bec portal. However, Les \u00c9leveurs de porcs du Qu\u00e9bec does not control any aspect of these third-party sites, which remain completely independent from Les \u00c9leveurs de porcs du Qu\u00e9bec. Similarly, it does not review the content of these sites. Les \u00c9leveurs de porcs du Qu\u00e9bec does not guarantee the reliability, content or management of any other website. The inclusion of information, documents, content or links from other websites in Les \u00c9leveurs de porcs du Qu\u00e9bec\u2019s portal does not mean that the organization in any way endorses the content, products or services offered through these websites. It is strictly forbidden to use this website as a hyperlink without prior written consent of Les \u00c9leveurs de porcs du Qu\u00e9bec.<\/p>\n\n    <\/div>\n\t<\/div>\n\n\n\n\t<div class=\"page-module page-module-wysiwyg\">\n    <div class=\"lw\">\n      <h3><u>LIMITATION OF LIABILITY<\/u><\/h3>\n<p>Les \u00c9leveurs de porcs du Qu\u00e9bec strives to ensure that the information posted on this site is accurate and up to date. They provide no guarantees for the site or its content. Les \u00c9leveurs de porcs du Qu\u00e9bec is not and cannot be held liable for any inaccuracies, omissions, or errors contained within this site. The information found within this website does not constitute advice of any kind. All content provided is for informational purposes only. Les \u00c9leveurs de porcs du Qu\u00e9bec reserves the right to modify the website and its contents at any time and without notice.<\/p>\n<p>With the exception of damages resulting from gross negligence or wilful misconduct on their part, Les \u00c9leveurs de porcs du Qu\u00e9bec is not and may not, under any circumstances, be held liable for any direct or indirect damage, regardless of its cause, origin, nature, or the consequences caused by accessing, the inability to access, or the use of this site, including any damage or viruses that may infect your computer equipment or any other property, your interpretation of any information that comes directly or indirectly from this site, and\/or incorrect or out-of-date information or content, even if Les \u00c9leveurs de porcs du Qu\u00e9bec may have been advised of the possibility of such damages.<\/p>\n<p>Les \u00c9leveurs de porcs du Qu\u00e9bec assumes no responsibility for any other website linked to any party or for any damage or injury whatsoever. You are responsible for taking the necessary precautions to prevent contamination of your computer or any other device with which you access this site against viruses, worms and all other \u201cparasites.&#8221;<\/p>\n<p>Whether a given condition is declared void, invalid, or otherwise unenforceable by a court of competent jurisdiction does not affect the validity of the other provisions.<\/p>\n<p>The failure of Les \u00c9leveurs de porcs du Qu\u00e9bec to insist on strict compliance or ensure compliance with any provision hereof does not constitute a waiver of any provision or right whatsoever.<\/p>\n<p>These Terms and Conditions of Use constitute the entire agreement between Les \u00c9leveurs de porcs du Qu\u00e9bec and any person accessing or using this website.<\/p>\n<p>&nbsp;<\/p>\n\n    <\/div>\n\t<\/div>\n\n\n\n<div class=\"page-module page-module-contest page-module-social-links\">\n\t<div class=\"lw\">\n\t\t<p class=\"title title-main h2\">Quality meat<em>produced locally<\/em><\/p>\n\t\t<div class=\"media media-image media-image-svg\"><svg xmlns=\"http:\/\/www.w3.org\/2000\/svg\" viewBox=\"0 0 382.5 30.4\">\n    <style>\n        .line-pink{fill:#dc877b}\n    <\/style>\n    <path class=\"line-pink\" d=\"M355.3 5.8c.1 0 .1-.1 0 0 .1-.1.1 0 0 0z\"\/>\n    <path class=\"line-pink\" d=\"M378.9 29.7c1.6.3 3 .6 3.6.6 0 0-1.6-.5-3.6-1.1-1.1-.3-2.1-.7-3.1-1.2.2.1.7.2 1.3.3-.7-.2-.9-.3-1-.4-.1-.1-.1 0-.4 0-.6-.2-1.3-.5-1.9-.8-.2.1-.5 0-.7-.1-.6-.2-2.2-.4-2-.7-.6-.1-1.1-.2-1.7-.4-.8-.3-1.7-.6-2.6-1-1.8-.8-3.6-1.6-4.3-2-.7-.4-1.5-.7-2.3-1.1-.4-.2-.8-.4-1.3-.6-.4-.2-.8-.4-1.2-.7-.6-.3-1.2-.7-1.7-1.1-.2-.3-.4-.5-.6-.7-1.4-1.1.2.3-.4-.1-.5-.5-1.1-1-1.5-1.5.2.1.4.3.6.4-.1-.2-.2-.3-.3-.4 2.4.3 4.8.4 7.1.4 2.9 0 5.7-.4 8.5-1 1.5-.4 2.9-.8 4.3-1.4 1.5-.6 2.8-1.5 4-2.6.2-.2.4-.4.5-.6.1-.1.2-.3.4-.5.1-.2.3-.4.4-.7.1-.3.3-.6.4-.9.1-.4.2-.8.2-1.2 0-1-.3-1.9-.9-2.7-.6-.9-2.9-3.3-9.9-2.9-2.9.1-5.9.5-8.7 1.1-1.6.3-3.2.8-4.7 1.5.9-.3 1.8-.5 2.7-.6-1.9.5-3.7 1.3-5.4 2.3-1.6.9-2.9 2.3-3.7 3.9-.3.6-.4 1.3-.4 2-1.4 0-2.6 0-4-.2l-2.8-.2c-.6-.2-1.2-.1-1.8.2l-.4-.1-1.9-.4c-1.2-.2-.7.5-3.4 0-2.7-.4-1 .1-4.1-.4-1-.3-.9 0-2.4-.3-.6-.1-.9-.1-1.4-.2 0 0-3.9-.5-8.8-1-.6-.1-1.3-.2-1.9-.2.2 0 .4 0 .9-.1-.3 0-.6 0-1 .1-2.1.1-4.3 0-2.4-.3-2.1-.3-4.1-.5-6.2-.6l.7.2c-4.4-.3-7.1-.2-6.5-.7-1.9-.1-2.6-.1-2.6-.4l-3.6-.3.5.1c-1.7-.1-3.4-.3-5.1-.8-4.8-.8-8.1-.7-13.3-1.1l.7-.2c-1.7-.4-.5.3-2.6 0 0 0-2.5-.6-3.7-.9l.5.6h-2.4c-2.6-.4-1.6-.6-1.2-.8l-1.8.1-.3-.3c-1.4.3-1.3-.2-3.7-.2-1 .3-2.2.6-2.2.6-2.4.2-3.2-.7-5-.7h1.2c-1.5 0-3-.2-4.5-.6.5.1 1.2.3.1.3-.8 0-.4-.2-1.2-.3-.2.3-2.2.3-4.1 0 .1-.1.1-.1.2-.1-.8 0-1.6-.1-2.4-.2-.7-.1-1.4 0-2.1.3-.4 0-7.9-.7-7.9-.7l-.1-.3c-.8.3-4.3-.6-4.1-.1-1.5-.4-5.9-.2-5-.7-5.2-.4-12.3-.5-14.3-.8-2-.4-8.4-.7-12.4-.9-4-.1-7.2-.2-10.5-.3-3.3 0-6.6-.1-10.6-.1-4.7-.5-12 .1-17.3-.2l-1.4.3c-3.5-.4-8.8.1-13.7-.3l-2.1.2c.2 0 .6 0 .7.2-1.4-.1-4.2.2-4-.1l.4-.1c.2-.3-4.2.3-5.8.1l.9.3-2.7-.2c-18.8 1-18.8 1-29 1.8-2.4-.2-4.8 0-7.2.4-5.3.8-10 1-12.8 1.3-1.4.1-2.9.4-4.3.6l-4.4.7c-3 .5-6 .6-9 1.1-1.5.2-2.5.7-4 1-1.5.3-3.1.6-4.6.8h.5c-2.9.6-6.1 1.5-8.4 1.7-2.3.2-5.7 1.8-6.6 2-2.4.7-4.1.9-3.4.4-2.5.8-5.1 1.4-7.7 1.7-2.9.4-9.4 2.7-9.7 2.3-.6.3-1.3.5-2 .8-.6.1-3.8 1-4.9 1.4-3.1 1.2-6.4 1.9-7.9 2.5C3 22.7 1.4 24.4.1 25.1c2.7-.4 3.5-1 5.9-1.2 1.2.1 12-3 15.9-4l11.7-3c3.1-.7 6.9-1 10-1.6l9.1-1.9L64 11.2l11.3-1.5C83 8.3 97.7 7 98.5 6.8c.8-.2 2.3-.1 3.3-.2s2.3-.1 3.6-.1c1.2 0 2.5-.4 3.7-.4 2.5-.2 5.2 0 7.8-.2 2.7-.2 5.3-.9 8-1 2.6 0 5.1.2 7.7.6.1-.7 2.1-.5 3.5-.5s4.9-.4 11.8-.4c6.3 0 14.5-.5 23.2-.4 14.7.2 30 .7 40.4 1.5 2.2.4 9.9.2 11.7.6 3.8.1 7.3.7 11.2 1 1.3.1 6 .5 9.8.8 3.3.2 5.9.2 5.4.4 3.4.1 6.1.4 7.2.5 2.7.3 7.4.4 9.9.7l10.2.9 34.8 3.7h.7l31.1 2.2c1.5.2 3.9.4 6.1.6 1 1.5 2.4 2.8 3.9 3.7 3.9 2.3 7.9 4.3 12.1 6.1-.7-.3-1.8-.8-1.8-.8 1.1.3 2.2.6 3.7 1 .3.1.4.2.4.3 1.6.4 3.2.9 4.8 1.6 1.3 0 2.6.2 3.7.7-.9-.4.9 0 2 .3.6-.1-.4-.4.5-.3zM355.7 9.2c1.7-.7 3.3-1.1 3.5-1.3.3-.3 0-.7 1.5-.8.5 0 1.5-.6 1.5-.2 2.2-.4 4.4-.7 6.7-.7-.8-.2-1.6-.3-2.5-.5h1.7c.6 0 1.2 0 1.8.1 1.9.2 3.8.7 5.6 1.5.6.3.7.4.8.6.1.4.1.9-.1 1.2.1-.4.1-.8-.1-1.1.2.4.1.9-.2 1.3-.3.4-.6.8-1 1.2 0 .2-.6.9-1.7 1.5-.4.2-.8.4-1.1.6-.4.2-.8.3-1.2.5-1 .4-2.1.7-3.2.8-.4 0-.6.4-.9.4-.6.1-1.5.1-2.3.2v-.2c1.4-.1 2.9-.4 4.2-.8 1.5-.4 2.9-.9 4.3-1.7 0 0-3.1 1.3-4.1 1.6-.5.1-1.9.2-1-.1-.3.1-.6.3-.9.4-1.8.3-3.7.5-5.6.5-2 0-3.9-.2-5.9-.4l.5.1c-.9 0-1.8-.1-2.7-.3-.6-.1-1.2-.1-1.7-.1 0-.7.3-1.3.7-1.9.8-1.1 2-2 3.4-2.4z\"\/>\n<\/svg>\n<\/div>\n    <p class=\"suptitle\">Follow us to join our community<\/p>\n    <nav class=\"nav\">\n      \t<ul>\n\t\t\t\t\t<li class=\"social social-facebook menu-item menu-item-type-custom menu-item-object-custom menu-item-67\">\n\t\t\t\t\t\t\t\t\t<a class=\"link-item\" target=\"_blank\" href=\"https:\/\/www.facebook.com\/Porcduquebec\" data-track-event=\"ContentInteraction\" data-track-category=\"Block interaction\" data-track-action=\"Bloc - social media\" data-track-label=\"Facebook\">\n\t\t\t\t\t\t\t\t\t\t\t\t\t<span class=\"sr-only\">Facebook<\/span>\n\t\t\t\t\t\t\t<svg class=\"icon icon-facebook\" height=\"16\" width=\"16\">\n                    <use href=\"#facebook\"><\/use>\n                  <\/svg>\t\t\t\t\t\t\t\t\t\t\t\t\t\t\t\t\t\t\t\t\t\t\t\t\t\t\t\t\t\t\t\t\t\t\t\t\t\t\t\t\t\t\t\t\t\t<\/a>\n\t\t\t\t\t\t\t<\/li>\n\t\t\t\t\t<li class=\"social social-instagram menu-item menu-item-type-custom menu-item-object-custom menu-item-68\">\n\t\t\t\t\t\t\t\t\t<a class=\"link-item\" target=\"_blank\" href=\"https:\/\/www.instagram.com\/porcduquebec\/\" data-track-event=\"ContentInteraction\" data-track-category=\"Block interaction\" data-track-action=\"Bloc - social media\" data-track-label=\"Instagram\">\n\t\t\t\t\t\t\t\t\t\t\t\t\t<span class=\"sr-only\">Instagram<\/span>\n\t\t\t\t\t\t\t\t\t\t\t\t\t\t\t\t\t\t\t\t\t\t\t\t\t\t\t\t\t\t\t\t\t\t\t\t\t\t\t\t\t\t<svg class=\"icon icon-instagram\" height=\"16\" width=\"16\">\n                    <use href=\"#instagram\"><\/use>\n                  <\/svg>\t\t\t\t\t\t\t\t\t\t\t<\/a>\n\t\t\t\t\t\t\t<\/li>\n\t\t\t\t\t<li class=\"social social-pinterest menu-item menu-item-type-custom menu-item-object-custom menu-item-69\">\n\t\t\t\t\t\t\t\t\t<a class=\"link-item\" target=\"_blank\" href=\"https:\/\/za.pinterest.com\/porcduquebec\/_created\/\" data-track-event=\"ContentInteraction\" data-track-category=\"Block interaction\" data-track-action=\"Bloc - social media\" data-track-label=\"Pinterest\">\n\t\t\t\t\t\t\t\t\t\t\t\t\t<span class=\"sr-only\">Pinterest<\/span>\n\t\t\t\t\t\t\t\t\t\t\t\t\t\t\t\t\t\t\t\t\t\t\t\t\t\t\t\t\t\t\t\t\t\t\t<svg class=\"icon icon-pinterest\" height=\"16\" width=\"16\">\n                    <use href=\"#pinterest\"><\/use>\n                  <\/svg>\t\t\t\t\t\t\t\t\t\t\t\t\t\t\t\t\t\t<\/a>\n\t\t\t\t\t\t\t<\/li>\n\t\t\t\t\t<li class=\"social social-youtube menu-item menu-item-type-custom menu-item-object-custom menu-item-17506\">\n\t\t\t\t\t\t\t\t\t<a class=\"link-item\" target=\"_self\" href=\"https:\/\/www.youtube.com\/@porcduQc\" data-track-event=\"ContentInteraction\" data-track-category=\"Block interaction\" data-track-action=\"Bloc - social media\" data-track-label=\"Youtube\">\n\t\t\t\t\t\t\t\t\t\t\t\t\t<span class=\"sr-only\">Youtube<\/span>\n\t\t\t\t\t\t\t\t\t\t\t\t\t\t\t\t\t\t\t\t\t\t\t\t\t\t\t\t<svg class=\"icon icon-youtube\" height=\"16\" width=\"16\">\n                    <use href=\"#youtube\"><\/use>\n                  <\/svg>\t\t\t\t\t\t\t\t\t\t\t\t\t\t\t\t\t\t\t\t\t\t\t\t\t<\/a>\n\t\t\t\t\t\t\t<\/li>\n\t\t\t<\/ul>\n\n    <\/nav>\n  <\/div>\n<\/div>\n\n","protected":false},"excerpt":{"rendered":"","protected":false},"author":1,"featured_media":0,"parent":0,"menu_order":0,"comment_status":"closed","ping_status":"closed","template":"","meta":{"footnotes":""},"class_list":["post-10096","page","type-page","status-publish","hentry"],"acf":[],"yoast_head":"<!-- This site is optimized with the Yoast SEO plugin v26.8 - https:\/\/yoast.com\/product\/yoast-seo-wordpress\/ -->\n<title>Terms Of Use - Le porc du Qu\u00e9bec<\/title>\n<meta name=\"description\" content=\"Here are the terms and conditions of use that regulate this website. Please read them carefully before continuing to browse.\" \/>\n<meta name=\"robots\" content=\"index, follow, max-snippet:-1, max-image-preview:large, max-video-preview:-1\" \/>\n<link rel=\"canonical\" href=\"https:\/\/www.leporcduquebec.com\/en\/conditions-dutilisations\/\" \/>\n<meta property=\"og:locale\" content=\"en_US\" \/>\n<meta property=\"og:type\" content=\"article\" \/>\n<meta property=\"og:title\" content=\"Terms Of Use - Le porc du Qu\u00e9bec\" \/>\n<meta property=\"og:description\" content=\"Here are the terms and conditions of use that regulate this website. Please read them carefully before continuing to browse.\" \/>\n<meta property=\"og:url\" content=\"https:\/\/www.leporcduquebec.com\/en\/conditions-dutilisations\/\" \/>\n<meta property=\"og:site_name\" content=\"Le porc du Qu\u00e9bec\" \/>\n<meta property=\"article:modified_time\" content=\"2021-09-07T18:18:10+00:00\" \/>\n<meta name=\"twitter:card\" content=\"summary_large_image\" \/>\n<script type=\"application\/ld+json\" class=\"yoast-schema-graph\">{\"@context\":\"https:\/\/schema.org\",\"@graph\":[{\"@type\":\"WebPage\",\"@id\":\"https:\/\/www.leporcduquebec.com\/en\/conditions-dutilisations\/\",\"url\":\"https:\/\/www.leporcduquebec.com\/en\/conditions-dutilisations\/\",\"name\":\"Terms Of Use - Le porc du Qu\u00e9bec\",\"isPartOf\":{\"@id\":\"https:\/\/www.leporcduquebec.com\/#website\"},\"datePublished\":\"2021-05-21T13:48:12+00:00\",\"dateModified\":\"2021-09-07T18:18:10+00:00\",\"description\":\"Here are the terms and conditions of use that regulate this website. Please read them carefully before continuing to browse.\",\"breadcrumb\":{\"@id\":\"https:\/\/www.leporcduquebec.com\/en\/conditions-dutilisations\/#breadcrumb\"},\"inLanguage\":\"en-US\",\"potentialAction\":[{\"@type\":\"ReadAction\",\"target\":[\"https:\/\/www.leporcduquebec.com\/en\/conditions-dutilisations\/\"]}]},{\"@type\":\"BreadcrumbList\",\"@id\":\"https:\/\/www.leporcduquebec.com\/en\/conditions-dutilisations\/#breadcrumb\",\"itemListElement\":[{\"@type\":\"ListItem\",\"position\":1,\"name\":\"Home\",\"item\":\"https:\/\/www.leporcduquebec.com\/en\/\"},{\"@type\":\"ListItem\",\"position\":2,\"name\":\"Terms Of Use\"}]},{\"@type\":\"WebSite\",\"@id\":\"https:\/\/www.leporcduquebec.com\/#website\",\"url\":\"https:\/\/www.leporcduquebec.com\/\",\"name\":\"Le porc du Qu\u00e9bec\",\"description\":\"Un site utilisant WordPress\",\"potentialAction\":[{\"@type\":\"SearchAction\",\"target\":{\"@type\":\"EntryPoint\",\"urlTemplate\":\"https:\/\/www.leporcduquebec.com\/?s={search_term_string}\"},\"query-input\":{\"@type\":\"PropertyValueSpecification\",\"valueRequired\":true,\"valueName\":\"search_term_string\"}}],\"inLanguage\":\"en-US\"}]}<\/script>\n<!-- \/ Yoast SEO plugin. -->","yoast_head_json":{"title":"Terms Of Use - Le porc du Qu\u00e9bec","description":"Here are the terms and conditions of use that regulate this website. Please read them carefully before continuing to browse.","robots":{"index":"index","follow":"follow","max-snippet":"max-snippet:-1","max-image-preview":"max-image-preview:large","max-video-preview":"max-video-preview:-1"},"canonical":"https:\/\/www.leporcduquebec.com\/en\/conditions-dutilisations\/","og_locale":"en_US","og_type":"article","og_title":"Terms Of Use - Le porc du Qu\u00e9bec","og_description":"Here are the terms and conditions of use that regulate this website. Please read them carefully before continuing to browse.","og_url":"https:\/\/www.leporcduquebec.com\/en\/conditions-dutilisations\/","og_site_name":"Le porc du Qu\u00e9bec","article_modified_time":"2021-09-07T18:18:10+00:00","twitter_card":"summary_large_image","schema":{"@context":"https:\/\/schema.org","@graph":[{"@type":"WebPage","@id":"https:\/\/www.leporcduquebec.com\/en\/conditions-dutilisations\/","url":"https:\/\/www.leporcduquebec.com\/en\/conditions-dutilisations\/","name":"Terms Of Use - Le porc du Qu\u00e9bec","isPartOf":{"@id":"https:\/\/www.leporcduquebec.com\/#website"},"datePublished":"2021-05-21T13:48:12+00:00","dateModified":"2021-09-07T18:18:10+00:00","description":"Here are the terms and conditions of use that regulate this website. Please read them carefully before continuing to browse.","breadcrumb":{"@id":"https:\/\/www.leporcduquebec.com\/en\/conditions-dutilisations\/#breadcrumb"},"inLanguage":"en-US","potentialAction":[{"@type":"ReadAction","target":["https:\/\/www.leporcduquebec.com\/en\/conditions-dutilisations\/"]}]},{"@type":"BreadcrumbList","@id":"https:\/\/www.leporcduquebec.com\/en\/conditions-dutilisations\/#breadcrumb","itemListElement":[{"@type":"ListItem","position":1,"name":"Home","item":"https:\/\/www.leporcduquebec.com\/en\/"},{"@type":"ListItem","position":2,"name":"Terms Of Use"}]},{"@type":"WebSite","@id":"https:\/\/www.leporcduquebec.com\/#website","url":"https:\/\/www.leporcduquebec.com\/","name":"Le porc du Qu\u00e9bec","description":"Un site utilisant WordPress","potentialAction":[{"@type":"SearchAction","target":{"@type":"EntryPoint","urlTemplate":"https:\/\/www.leporcduquebec.com\/?s={search_term_string}"},"query-input":{"@type":"PropertyValueSpecification","valueRequired":true,"valueName":"search_term_string"}}],"inLanguage":"en-US"}]}},"_links":{"self":[{"href":"https:\/\/www.leporcduquebec.com\/en\/wp-json\/wp\/v2\/pages\/10096","targetHints":{"allow":["GET"]}}],"collection":[{"href":"https:\/\/www.leporcduquebec.com\/en\/wp-json\/wp\/v2\/pages"}],"about":[{"href":"https:\/\/www.leporcduquebec.com\/en\/wp-json\/wp\/v2\/types\/page"}],"author":[{"embeddable":true,"href":"https:\/\/www.leporcduquebec.com\/en\/wp-json\/wp\/v2\/users\/1"}],"replies":[{"embeddable":true,"href":"https:\/\/www.leporcduquebec.com\/en\/wp-json\/wp\/v2\/comments?post=10096"}],"version-history":[{"count":11,"href":"https:\/\/www.leporcduquebec.com\/en\/wp-json\/wp\/v2\/pages\/10096\/revisions"}],"predecessor-version":[{"id":11375,"href":"https:\/\/www.leporcduquebec.com\/en\/wp-json\/wp\/v2\/pages\/10096\/revisions\/11375"}],"wp:attachment":[{"href":"https:\/\/www.leporcduquebec.com\/en\/wp-json\/wp\/v2\/media?parent=10096"}],"curies":[{"name":"wp","href":"https:\/\/api.w.org\/{rel}","templated":true}]}}